{"id":5,"date":"2021-03-03T13:40:16","date_gmt":"2021-03-03T13:40:16","guid":{"rendered":"http:\/\/nolato.wpengine.com\/?page_id=5"},"modified":"2024-07-18T15:39:37","modified_gmt":"2024-07-18T14:39:37","slug":"latest-pressreleases","status":"publish","type":"page","link":"https:\/\/temporary.nolato.com\/es\/","title":{"rendered":"Latest pressreleases"},"content":{"rendered":"\t\t<div data-elementor-type=\"wp-page\" data-elementor-id=\"5\" class=\"elementor elementor-5\">\n\t\t\t\t\t\t<section class=\"elementor-section elementor-top-section elementor-element elementor-element-4eab428 elementor-section-boxed elementor-section-height-default elementor-section-height-default\" data-id=\"4eab428\" data-element_type=\"section\">\n\t\t\t\t\t\t<div class=\"elementor-container elementor-column-gap-default\">\n\t\t\t\t\t<div class=\"elementor-column elementor-col-100 elementor-top-column elementor-element elementor-element-bb66c47\" data-id=\"bb66c47\" data-element_type=\"column\">\n\t\t\t<div class=\"elementor-widget-wrap elementor-element-populated\">\n\t\t\t\t\t\t<div class=\"elementor-element elementor-element-6ea2110 elementor-widget elementor-widget-text-editor\" data-id=\"6ea2110\" data-element_type=\"widget\" data-widget_type=\"text-editor.default\">\n\t\t\t\t<div class=\"elementor-widget-container\">\n\t\t\t\t\t\t\t\t\t<p><a href=\"\/english\">Go to the English version<\/a><\/p>\t\t\t\t\t\t\t\t<\/div>\n\t\t\t\t<\/div>\n\t\t\t\t<div class=\"elementor-element elementor-element-20ef551 elementor-widget elementor-widget-text-editor\" data-id=\"20ef551\" data-element_type=\"widget\" data-widget_type=\"text-editor.default\">\n\t\t\t\t<div class=\"elementor-widget-container\">\n\t\t\t\t\t\t\t\t\t<p>Detta \u00e4r en tillf\u00e4llig, automatisk sida med den viktigaste aktuella investerarinformationen fr\u00e5n Nolato AB. Du ser den f\u00f6r att v\u00e5r ordinarie webbplats f\u00f6r n\u00e4rvarande inte kan n\u00e5s.<\/p>\n<p>V\u00e4nta g\u00e4rna en stund och prova d\u00e4refter om den ordinarie webbplatsen \u00e5ter \u00e4r tillg\u00e4nglig genom att&nbsp;<a href=\"https:\/\/nolato.se\/ir\" target=\"_blank\" rel=\"noopener\"><u>klicka denna l\u00e4nk<\/u><\/a>.<\/p>\n<div id=\"fskey-tooltip\" class=\"fskey-tooltip\" style=\"display: none;\">&nbsp;<\/div>\t\t\t\t\t\t\t\t<\/div>\n\t\t\t\t<\/div>\n\t\t\t\t\t<\/div>\n\t\t<\/div>\n\t\t\t\t\t<\/div>\n\t\t<\/section>\n\t\t\t\t<section class=\"elementor-section elementor-top-section elementor-element elementor-element-6509a66 elementor-section-boxed elementor-section-height-default elementor-section-height-default\" data-id=\"6509a66\" data-element_type=\"section\">\n\t\t\t\t\t\t<div class=\"elementor-container elementor-column-gap-default\">\n\t\t\t\t\t<div class=\"elementor-column elementor-col-100 elementor-top-column elementor-element elementor-element-17d44ca\" data-id=\"17d44ca\" data-element_type=\"column\">\n\t\t\t<div class=\"elementor-widget-wrap elementor-element-populated\">\n\t\t\t\t\t\t<div class=\"elementor-element elementor-element-589652f elementor-widget elementor-widget-text-editor\" data-id=\"589652f\" data-element_type=\"widget\" data-widget_type=\"text-editor.default\">\n\t\t\t\t<div class=\"elementor-widget-container\">\n\t\t\t\t\t\t\t\t\t<p>V\u00e5r senaste rapport<\/p>\t\t\t\t\t\t\t\t<\/div>\n\t\t\t\t<\/div>\n\t\t\t\t<div class=\"elementor-element elementor-element-c25ef1e elementor-widget elementor-widget-html\" data-id=\"c25ef1e\" data-element_type=\"widget\" data-widget_type=\"html.default\">\n\t\t\t\t<div class=\"elementor-widget-container\">\n\t\t\t\t\t    <style>\n.mfn-archive-item-content {\n  display: flex\n}\n.mfn-archive-item-icon{\n    margin: 0 10px 10px;\n}\n<\/style>\n<div id=\"inside-this-element\" style=\"padding: 20px\"><\/div>\n<script>\n    (function(widgets) {\n        var url = \"https:\/\/widget.datablocks.se\/api\/rose\";\n        if (!window._MF) {\n            var b = document.createElement(\"script\");\n            b.type = \"text\/javascript\";\n            b.async = true;\n            b.src = url + \"\/assets\/js\/loader-v4.js\";\n            document.getElementsByTagName(\"body\")[0].appendChild(b);\n\t\t    }\n\t\t    window._MF = window._MF || {\n            data: [],\n            url: url,\n            ready: !!0,\n            render: function() { window._MF.ready = !0 },\n            push: function(w) { window._MF.data.push(w) }\n\t\t    };\t\n\t\t    window._MF.push(widgets);\n    })([{\n        query:\"#inside-this-element\"\n        ,widget: \"archive\"\n        ,locale: \"sv\"\n        ,token: \"a7c645d9-ca32-482d-94b7-fa96018e4219\"\n    }],\n    );\n<\/script>\n\n\n\n\n\t\t\t\t<\/div>\n\t\t\t\t<\/div>\n\t\t\t\t<div class=\"elementor-element elementor-element-728c254 elementor-widget elementor-widget-text-editor\" data-id=\"728c254\" data-element_type=\"widget\" data-widget_type=\"text-editor.default\">\n\t\t\t\t<div class=\"elementor-widget-container\">\n\t\t\t\t\t\t\t\t\t<p>V\u00e5r aktuella aktiekurs<\/p>\t\t\t\t\t\t\t\t<\/div>\n\t\t\t\t<\/div>\n\t\t\t\t<div class=\"elementor-element elementor-element-91aeb2b elementor-widget elementor-widget-html\" data-id=\"91aeb2b\" data-element_type=\"widget\" data-widget_type=\"html.default\">\n\t\t\t\t<div class=\"elementor-widget-container\">\n\t\t\t\t\t<style>\n.mfn-archive-item-content {\n  display: flex\n}\n.mfn-archive-item-icon{\n    margin: 0 10px 10px;\n}\n<\/style>\n<div id=\"inside-this-element2\" style=\"padding: 20px\"><\/div>\n<script>\n    (function(widgets) {\n        var url = \"https:\/\/widget.datablocks.se\/api\/rose\";\n        if (!window._MF) {\n            var b = document.createElement(\"script\");\n            b.type = \"text\/javascript\";\n            b.async = true;\n            b.src = url + \"\/assets\/js\/loader-v4.js\";\n            document.getElementsByTagName(\"body\")[0].appendChild(b);\n\t\t    }\n\t\t    window._MF = window._MF || {\n            data: [],\n            url: url,\n            ready: !!0,\n            render: function() { window._MF.ready = !0 },\n            push: function(w) { window._MF.data.push(w) }\n\t\t    };\t\n\t\t    window._MF.push(widgets);\n    })([{\n        query:\"#inside-this-element2\"\n        ,widget: \"stock-table\"\n        ,locale: \"sv\"\n        ,token: \"eacfd943-1321-419c-8a2c-062b56cac15a\"\n    }],\n    );\n<\/script>\t\t\t\t<\/div>\n\t\t\t\t<\/div>\n\t\t\t\t<div class=\"elementor-element elementor-element-b8e3736 elementor-widget elementor-widget-heading\" data-id=\"b8e3736\" data-element_type=\"widget\" data-widget_type=\"heading.default\">\n\t\t\t\t<div class=\"elementor-widget-container\">\n\t\t\t\t\t<p class=\"elementor-heading-title elementor-size-default\">Kursdata \u00e4r f\u00f6rdr\u00f6jd med 15 minuter<\/p>\t\t\t\t<\/div>\n\t\t\t\t<\/div>\n\t\t\t\t<div class=\"elementor-element elementor-element-1d06164 elementor-widget elementor-widget-text-editor\" data-id=\"1d06164\" data-element_type=\"widget\" data-widget_type=\"text-editor.default\">\n\t\t\t\t<div class=\"elementor-widget-container\">\n\t\t\t\t\t\t\t\t\t<p>V\u00e5ra senaste pressmeddelanden<\/p>\t\t\t\t\t\t\t\t<\/div>\n\t\t\t\t<\/div>\n\t\t\t\t<div class=\"elementor-element elementor-element-580a7c5 elementor-widget elementor-widget-wp-widget-mfn_news_feed_widget\" data-id=\"580a7c5\" data-element_type=\"widget\" data-widget_type=\"wp-widget-mfn_news_feed_widget.default\">\n\t\t\t\t<div class=\"elementor-widget-container\">\n\t\t\t\t\t<div class=\"mfn-newsfeed\"><div class=\"mfn-list\"><div class='mfn-item'><div class='mfn-date'>2026-04-09 13:15<\/div><div class='mfn-tags'><span class='mfn-tag mfn-tag-mfn-regulatory'>Regulatory<\/span><\/div><div class='mfn-title'><a href='https:\/\/temporary.nolato.com\/es\/mfn_news\/nolato-publicerar-arsredovisningen-for-2025\/'>Nolato publicerar \u00e5rsredovisningen f\u00f6r 2025<\/a><\/div><div class='mfn-preview'><\/div><\/div><div class='mfn-item'><div class='mfn-date'>2026-04-01 08:00<\/div><div class='mfn-tags'><span class='mfn-tag mfn-tag-mfn-regulatory'>Regulatory<\/span><\/div><div class='mfn-title'><a href='https:\/\/temporary.nolato.com\/es\/mfn_news\/kallelse-till-nolatos-arsstamma-2026\/'>Kallelse till Nolatos \u00e5rsst\u00e4mma 2026<\/a><\/div><div class='mfn-preview'><\/div><\/div><div class='mfn-item'><div class='mfn-date'>2026-02-05 14:00<\/div><div class='mfn-tags'><span class='mfn-tag mfn-tag-mfn-regulatory'>Regulatory<\/span><\/div><div class='mfn-title'><a href='https:\/\/temporary.nolato.com\/es\/mfn_news\/okad-tillvaxt-for-medical-solutions-och-stark-finansiell-stallning\/'>\u00d6kad tillv\u00e4xt f\u00f6r Medical Solutions och stark finansiell st\u00e4llning<\/a><\/div><div class='mfn-preview'><\/div><\/div><div class='mfn-item'><div class='mfn-date'>2026-01-30 10:15<\/div><div class='mfn-tags'><\/div><div class='mfn-title'><a href='https:\/\/temporary.nolato.com\/es\/mfn_news\/nytt-antal-aktier-och-roster-i-nolato-ab-publ-13\/'>Nytt antal aktier och r\u00f6ster i Nolato AB (publ)<\/a><\/div><div class='mfn-preview'><\/div><\/div><div class='mfn-item'><div class='mfn-date'>2026-01-29 15:00<\/div><div class='mfn-tags'><\/div><div class='mfn-title'><a href='https:\/\/temporary.nolato.com\/es\/mfn_news\/nolatos-valberedning-foreslar-gunilla-saltin-och-martin-malmvik-som-nya-styrelsemedlemmar\/'>Nolatos valberedning f\u00f6resl\u00e5r Gunilla Saltin och Martin Malmvik som nya styrelsemedlemmar<\/a><\/div><div class='mfn-preview'><\/div><\/div><div class='mfn-item'><div class='mfn-date'>2026-01-29 09:45<\/div><div class='mfn-tags'><\/div><div class='mfn-title'><a href='https:\/\/temporary.nolato.com\/es\/mfn_news\/webbsand-telefonkonferens-5-februari-om-nolatos-bokslutskommunike-2025\/'>Webbs\u00e4nd telefonkonferens 5 februari om Nolatos bokslutskommunik\u00e9 2025<\/a><\/div><div class='mfn-preview'><\/div><\/div><div class='mfn-item'><div class='mfn-date'>2025-10-28 14:00<\/div><div class='mfn-tags'><span class='mfn-tag mfn-tag-mfn-regulatory'>Regulatory<\/span><\/div><div class='mfn-title'><a href='https:\/\/temporary.nolato.com\/es\/mfn_news\/fortsatt-organisk-tillvaxt-och-stark-marginalokning\/'>Fortsatt organisk tillv\u00e4xt och stark marginal\u00f6kning<\/a><\/div><div class='mfn-preview'><\/div><\/div><div class='mfn-item'><div class='mfn-date'>2025-10-21 09:45<\/div><div class='mfn-tags'><\/div><div class='mfn-title'><a href='https:\/\/temporary.nolato.com\/es\/mfn_news\/webbsand-telefonkonferens-28-oktober-om-nolatos-q3-rapport-2025\/'>Webbs\u00e4nd telefonkonferens 28 oktober om Nolatos Q3-rapport 2025<\/a><\/div><div class='mfn-preview'><\/div><\/div><div class='mfn-item'><div class='mfn-date'>2025-07-18 08:00<\/div><div class='mfn-tags'><span class='mfn-tag mfn-tag-mfn-regulatory'>Regulatory<\/span><\/div><div class='mfn-title'><a href='https:\/\/temporary.nolato.com\/es\/mfn_news\/organisk-tillvaxt-med-stark-marginalokning\/'>Organisk tillv\u00e4xt med stark marginal\u00f6kning<\/a><\/div><div class='mfn-preview'><\/div><\/div><div class='mfn-item'><div class='mfn-date'>2025-07-11 11:00<\/div><div class='mfn-tags'><\/div><div class='mfn-title'><a href='https:\/\/temporary.nolato.com\/es\/mfn_news\/webbsand-telefonkonferens-18-juli-om-nolatos-q2-rapport-2025\/'>Webbs\u00e4nd telefonkonferens 18 juli om Nolatos Q2-rapport 2025<\/a><\/div><div class='mfn-preview'><\/div><\/div><div class='mfn-item'><div class='mfn-date'>2025-05-06 15:57<\/div><div class='mfn-tags'><span class='mfn-tag mfn-tag-mfn-regulatory'>Regulatory<\/span><\/div><div class='mfn-title'><a href='https:\/\/temporary.nolato.com\/es\/mfn_news\/kommunike-fran-arsstamma-i-nolato-ab-publ-den-6-maj-2025\/'>Kommunik\u00e9 fr\u00e5n \u00e5rsst\u00e4mma i Nolato AB (publ) den 6 maj 2025<\/a><\/div><div class='mfn-preview'><\/div><\/div><div class='mfn-item'><div class='mfn-date'>2025-05-06 13:00<\/div><div class='mfn-tags'><span class='mfn-tag mfn-tag-mfn-regulatory'>Regulatory<\/span><\/div><div class='mfn-title'><a href='https:\/\/temporary.nolato.com\/es\/mfn_news\/starkt-resultat-och-betydande-marginalokning\/'>Starkt resultat och betydande marginal\u00f6kning<\/a><\/div><div class='mfn-preview'><\/div><\/div><div class='mfn-item'><div class='mfn-date'>2025-04-29 10:00<\/div><div class='mfn-tags'><\/div><div class='mfn-title'><a href='https:\/\/temporary.nolato.com\/es\/mfn_news\/webbsand-telefonkonferens-6-maj-om-nolatos-forsta-kvartal-2025\/'>Webbs\u00e4nd telefonkonferens 6 maj om Nolatos f\u00f6rsta kvartal 2025<\/a><\/div><div class='mfn-preview'><\/div><\/div><div class='mfn-item'><div class='mfn-date'>2025-04-10 13:00<\/div><div class='mfn-tags'><span class='mfn-tag mfn-tag-mfn-regulatory'>Regulatory<\/span><\/div><div class='mfn-title'><a href='https:\/\/temporary.nolato.com\/es\/mfn_news\/nolatos-publicerar-arsredovisningen-for-2024\/'>Nolatos publicerar \u00e5rsredovisningen f\u00f6r 2024<\/a><\/div><div class='mfn-preview'><\/div><\/div><div class='mfn-item'><div class='mfn-date'>2025-04-02 10:00<\/div><div class='mfn-tags'><span class='mfn-tag mfn-tag-mfn-regulatory'>Regulatory<\/span><\/div><div class='mfn-title'><a href='https:\/\/temporary.nolato.com\/es\/mfn_news\/kallelse-till-nolatos-arsstamma-2025\/'>Kallelse till Nolatos \u00e5rsst\u00e4mma 2025<\/a><\/div><div class='mfn-preview'><\/div><\/div><div class='mfn-item'><div class='mfn-date'>2025-03-13 08:05<\/div><div class='mfn-tags'><span class='mfn-tag mfn-tag-mfn-regulatory'>Regulatory<\/span><\/div><div class='mfn-title'><a href='https:\/\/temporary.nolato.com\/es\/mfn_news\/nolato-presenterar-nya-finansiella-mal\/'>Nolato presenterar nya finansiella m\u00e5l<\/a><\/div><div class='mfn-preview'><\/div><\/div><div class='mfn-item'><div class='mfn-date'>2025-03-04 11:05<\/div><div class='mfn-tags'><span class='mfn-tag mfn-tag-mfn-regulatory'>Regulatory<\/span><\/div><div class='mfn-title'><a href='https:\/\/temporary.nolato.com\/es\/mfn_news\/nolatos-valberedning-foreslar-klas-forsstrom-som-ny-ordforande-fredrik-arp-avbojer-omval\/'>Nolatos valberedning f\u00f6resl\u00e5r Klas Forsstr\u00f6m som ny ordf\u00f6rande \u2013 Fredrik Arp avb\u00f6jer omval<\/a><\/div><div class='mfn-preview'><\/div><\/div><div class='mfn-item'><div class='mfn-date'>2025-02-07 07:45<\/div><div class='mfn-tags'><span class='mfn-tag mfn-tag-mfn-regulatory'>Regulatory<\/span><\/div><div class='mfn-title'><a href='https:\/\/temporary.nolato.com\/es\/mfn_news\/tillvaxt-med-kraftig-resultatforbattring\/'>Tillv\u00e4xt med kraftig resultatf\u00f6rb\u00e4ttring<\/a><\/div><div class='mfn-preview'><\/div><\/div><div class='mfn-item'><div class='mfn-date'>2025-01-31 09:45<\/div><div class='mfn-tags'><\/div><div class='mfn-title'><a href='https:\/\/temporary.nolato.com\/es\/mfn_news\/webbsand-telefonkonferens-7-februari-om-nolatos-bokslutskommunike-2024\/'>Webbs\u00e4nd telefonkonferens 7 februari om Nolatos bokslutskommunik\u00e9 2024<\/a><\/div><div class='mfn-preview'><\/div><\/div><div class='mfn-item'><div class='mfn-date'>2024-10-25 07:45<\/div><div class='mfn-tags'><span class='mfn-tag mfn-tag-mfn-regulatory'>Regulatory<\/span><\/div><div class='mfn-title'><a href='https:\/\/temporary.nolato.com\/es\/mfn_news\/lonsam-tillvaxt-och-starkt-kassaflode\/'>L\u00f6nsam tillv\u00e4xt och starkt kassafl\u00f6de<\/a><\/div><div class='mfn-preview'><\/div><\/div><\/div><div class='mfn-newsfeed-pagination'><a href='https:\/\/temporary.nolato.com\/es\/wp-json\/wp\/v2\/pages\/5?m-page=1' class='mfn-page-link mfn-page-link-next'>Next<\/a><\/div><\/div>\t\t\t\t<\/div>\n\t\t\t\t<\/div>\n\t\t\t\t\t<\/div>\n\t\t<\/div>\n\t\t\t\t\t<\/div>\n\t\t<\/section>\n\t\t\t\t<\/div>\n\t\t","protected":false},"excerpt":{"rendered":"<p>Go to the English version Detta \u00e4r en tillf\u00e4llig, automatisk sida med den viktigaste aktuella investerarinformationen fr\u00e5n Nolato AB. Du ser den f\u00f6r att v\u00e5r ordinarie webbplats f\u00f6r n\u00e4rvarande inte kan n\u00e5s. V\u00e4nta g\u00e4rna en stund och prova d\u00e4refter om den ordinarie webbplatsen \u00e5ter \u00e4r tillg\u00e4nglig genom att&nbsp;klicka denna l\u00e4nk. &nbsp; V\u00e5r senaste rapport V\u00e5r&hellip; <a class=\"more-link\" href=\"https:\/\/temporary.nolato.com\/es\/\">Continue reading <span class=\"screen-reader-text\">Latest pressreleases<\/span><\/a><\/p>\n","protected":false},"author":1,"featured_media":0,"parent":0,"menu_order":0,"comment_status":"closed","ping_status":"closed","template":"","meta":{"footnotes":""},"class_list":["post-5","page","type-page","status-publish","hentry","entry"],"translation":{"provider":"WPGlobus","version":"3.0.0","language":"es","enabled_languages":["en","es","de","fr","ru","sv"],"languages":{"en":{"title":true,"content":true,"excerpt":false},"es":{"title":false,"content":false,"excerpt":false},"de":{"title":false,"content":false,"excerpt":false},"fr":{"title":false,"content":false,"excerpt":false},"ru":{"title":false,"content":false,"excerpt":false},"sv":{"title":false,"content":false,"excerpt":false}}},"_links":{"self":[{"href":"https:\/\/temporary.nolato.com\/es\/wp-json\/wp\/v2\/pages\/5","targetHints":{"allow":["GET"]}}],"collection":[{"href":"https:\/\/temporary.nolato.com\/es\/wp-json\/wp\/v2\/pages"}],"about":[{"href":"https:\/\/temporary.nolato.com\/es\/wp-json\/wp\/v2\/types\/page"}],"author":[{"embeddable":true,"href":"https:\/\/temporary.nolato.com\/es\/wp-json\/wp\/v2\/users\/1"}],"replies":[{"embeddable":true,"href":"https:\/\/temporary.nolato.com\/es\/wp-json\/wp\/v2\/comments?post=5"}],"version-history":[{"count":0,"href":"https:\/\/temporary.nolato.com\/es\/wp-json\/wp\/v2\/pages\/5\/revisions"}],"wp:attachment":[{"href":"https:\/\/temporary.nolato.com\/es\/wp-json\/wp\/v2\/media?parent=5"}],"curies":[{"name":"wp","href":"https:\/\/api.w.org\/{rel}","templated":true}]}}